{"id":74,"date":"2024-06-08T02:02:49","date_gmt":"2024-06-08T02:02:49","guid":{"rendered":"https:\/\/inmobilge.com.mx\/?page_id=74"},"modified":"2024-06-10T00:58:11","modified_gmt":"2024-06-10T00:58:11","slug":"nosotros","status":"publish","type":"page","link":"https:\/\/inmobilge.com.mx\/index.php\/nosotros\/","title":{"rendered":"Nosotros"},"content":{"rendered":"<p>[et_pb_section fb_built=\u00bb1&#8243; theme_builder_area=\u00bbpost_content\u00bb _builder_version=\u00bb4.24.2&#8243; _module_preset=\u00bbdefault\u00bb][et_pb_row _builder_version=\u00bb4.24.2&#8243; _module_preset=\u00bbdefault\u00bb global_colors_info=\u00bb{}\u00bb locked=\u00bboff\u00bb theme_builder_area=\u00bbpost_content\u00bb][et_pb_column type=\u00bb4_4&#8243; _builder_version=\u00bb4.24.2&#8243; _module_preset=\u00bbdefault\u00bb global_colors_info=\u00bb{}\u00bb theme_builder_area=\u00bbpost_content\u00bb][et_pb_heading title=\u00bbNuestra Compa\u00f1\u00eda\u00bb _builder_version=\u00bb4.24.2&#8243; _module_preset=\u00bbdefault\u00bb title_level=\u00bbh3&#8243; title_font=\u00bb|600|||||||\u00bb title_text_color=\u00bb#7ebec5&#8243; title_font_size=\u00bb40px\u00bb title_font_size_tablet=\u00bb40px\u00bb title_font_size_phone=\u00bb10vw\u00bb title_font_size_last_edited=\u00bbon|desktop\u00bb title_text_shadow_style=\u00bbpreset1&#8243; title_text_shadow_blur_strength=\u00bb0.15em\u00bb title_text_shadow_color=\u00bbrgba(0,0,0,0.26)\u00bb border_width_bottom=\u00bb7px\u00bb border_color_bottom=\u00bbrgba(0,94,83,0.1)\u00bb border_style_bottom=\u00bbdouble\u00bb global_colors_info=\u00bb{}\u00bb theme_builder_area=\u00bbpost_content\u00bb][\/et_pb_heading][\/et_pb_column][\/et_pb_row][et_pb_row column_structure=\u00bb2_3,1_3&#8243; _builder_version=\u00bb4.24.2&#8243; _module_preset=\u00bbdefault\u00bb global_colors_info=\u00bb{}\u00bb locked=\u00bboff\u00bb theme_builder_area=\u00bbpost_content\u00bb][et_pb_column type=\u00bb2_3&#8243; _builder_version=\u00bb4.24.2&#8243; _module_preset=\u00bbdefault\u00bb global_colors_info=\u00bb{}\u00bb theme_builder_area=\u00bbpost_content\u00bb][et_pb_text _builder_version=\u00bb4.24.2&#8243; _module_preset=\u00bbdefault\u00bb hover_enabled=\u00bb0&#8243; global_colors_info=\u00bb{}\u00bb theme_builder_area=\u00bbpost_content\u00bb sticky_enabled=\u00bb0&#8243;]La energ\u00eda es el elemento fundamental para el desarrollo y el progreso de la civilizaci\u00f3n, y la reducci\u00f3n de costos es el elemento b\u00e1sico en la optimizaci\u00f3n de los procesos en la industria.<\/p>\n<p>En INMOBILGE, S.A. DE C.V.\u00ae estamos comprometidos en la conservaci\u00f3n ambiental y contribuimos a minimizar sus costos mediante la generaci\u00f3n, transporte y utilizaci\u00f3n adecuada de la energ\u00eda requerida en su ciclo productivo[\/et_pb_text][\/et_pb_column][et_pb_column type=\u00bb1_3&#8243; _builder_version=\u00bb4.24.2&#8243; _module_preset=\u00bbdefault\u00bb global_colors_info=\u00bb{}\u00bb theme_builder_area=\u00bbpost_content\u00bb][et_pb_image src=\u00bbhttps:\/\/inmobilge.com.mx\/wp-content\/uploads\/2024\/06\/nuestra-mision.jpg\u00bb _builder_version=\u00bb4.24.2&#8243; _module_preset=\u00bbdefault\u00bb theme_builder_area=\u00bbpost_content\u00bb title_text=\u00bbnuestra-mision\u00bb hover_enabled=\u00bb0&#8243; sticky_enabled=\u00bb0&#8243;][\/et_pb_image][\/et_pb_column][\/et_pb_row][et_pb_row _builder_version=\u00bb4.24.2&#8243; _module_preset=\u00bbdefault\u00bb global_colors_info=\u00bb{}\u00bb locked=\u00bboff\u00bb theme_builder_area=\u00bbpost_content\u00bb][et_pb_column type=\u00bb4_4&#8243; _builder_version=\u00bb4.24.2&#8243; _module_preset=\u00bbdefault\u00bb global_colors_info=\u00bb{}\u00bb theme_builder_area=\u00bbpost_content\u00bb][et_pb_heading title=\u00bbNuestra Misi\u00f3n\u00bb _builder_version=\u00bb4.24.2&#8243; _module_preset=\u00bbdefault\u00bb title_level=\u00bbh3&#8243; title_font=\u00bb|600|||||||\u00bb title_text_color=\u00bb#7ebec5&#8243; title_font_size=\u00bb40px\u00bb title_font_size_tablet=\u00bb40px\u00bb title_font_size_phone=\u00bb10vw\u00bb title_font_size_last_edited=\u00bbon|desktop\u00bb title_text_shadow_style=\u00bbpreset1&#8243; title_text_shadow_blur_strength=\u00bb0.15em\u00bb title_text_shadow_color=\u00bbrgba(0,0,0,0.26)\u00bb border_width_bottom=\u00bb7px\u00bb border_color_bottom=\u00bbrgba(0,94,83,0.1)\u00bb border_style_bottom=\u00bbdouble\u00bb global_colors_info=\u00bb{}\u00bb theme_builder_area=\u00bbpost_content\u00bb][\/et_pb_heading][\/et_pb_column][\/et_pb_row][et_pb_row column_structure=\u00bb2_3,1_3&#8243; _builder_version=\u00bb4.24.2&#8243; _module_preset=\u00bbdefault\u00bb global_colors_info=\u00bb{}\u00bb locked=\u00bboff\u00bb theme_builder_area=\u00bbpost_content\u00bb][et_pb_column type=\u00bb2_3&#8243; _builder_version=\u00bb4.24.2&#8243; _module_preset=\u00bbdefault\u00bb global_colors_info=\u00bb{}\u00bb theme_builder_area=\u00bbpost_content\u00bb][et_pb_text _builder_version=\u00bb4.24.2&#8243; _module_preset=\u00bbdefault\u00bb hover_enabled=\u00bb0&#8243; global_colors_info=\u00bb{}\u00bb theme_builder_area=\u00bbpost_content\u00bb sticky_enabled=\u00bb0&#8243;]Comercializar, dise\u00f1ar, proyectar y realizar instalaciones que requieran especializaci\u00f3n, en energ\u00eda, fluidos, control y construcci\u00f3n integrados o de forma independiente de acuerdo a las necesidades de nuestros clientes. Ofreciendo las mejores soluciones con la mas alta calidad.[\/et_pb_text][\/et_pb_column][et_pb_column type=\u00bb1_3&#8243; _builder_version=\u00bb4.24.2&#8243; _module_preset=\u00bbdefault\u00bb global_colors_info=\u00bb{}\u00bb theme_builder_area=\u00bbpost_content\u00bb][et_pb_image src=\u00bbhttps:\/\/inmobilge.com.mx\/wp-content\/uploads\/2024\/06\/quienes-somos.jpg\u00bb _builder_version=\u00bb4.24.2&#8243; _module_preset=\u00bbdefault\u00bb theme_builder_area=\u00bbpost_content\u00bb title_text=\u00bbquienes-somos\u00bb hover_enabled=\u00bb0&#8243; sticky_enabled=\u00bb0&#8243;][\/et_pb_image][\/et_pb_column][\/et_pb_row][et_pb_row _builder_version=\u00bb4.24.2&#8243; _module_preset=\u00bbdefault\u00bb global_colors_info=\u00bb{}\u00bb locked=\u00bboff\u00bb theme_builder_area=\u00bbpost_content\u00bb][et_pb_column type=\u00bb4_4&#8243; _builder_version=\u00bb4.24.2&#8243; _module_preset=\u00bbdefault\u00bb global_colors_info=\u00bb{}\u00bb theme_builder_area=\u00bbpost_content\u00bb][et_pb_heading title=\u00bbNuestra Visi\u00f3n\u00bb _builder_version=\u00bb4.24.2&#8243; _module_preset=\u00bbdefault\u00bb title_level=\u00bbh3&#8243; title_font=\u00bb|600|||||||\u00bb title_text_color=\u00bb#7ebec5&#8243; title_font_size=\u00bb40px\u00bb title_font_size_tablet=\u00bb40px\u00bb title_font_size_phone=\u00bb10vw\u00bb title_font_size_last_edited=\u00bbon|desktop\u00bb title_text_shadow_style=\u00bbpreset1&#8243; title_text_shadow_blur_strength=\u00bb0.15em\u00bb title_text_shadow_color=\u00bbrgba(0,0,0,0.26)\u00bb border_width_bottom=\u00bb7px\u00bb border_color_bottom=\u00bbrgba(0,94,83,0.1)\u00bb border_style_bottom=\u00bbdouble\u00bb global_colors_info=\u00bb{}\u00bb theme_builder_area=\u00bbpost_content\u00bb][\/et_pb_heading][\/et_pb_column][\/et_pb_row][et_pb_row column_structure=\u00bb2_3,1_3&#8243; _builder_version=\u00bb4.24.2&#8243; _module_preset=\u00bbdefault\u00bb global_colors_info=\u00bb{}\u00bb locked=\u00bboff\u00bb theme_builder_area=\u00bbpost_content\u00bb][et_pb_column type=\u00bb2_3&#8243; _builder_version=\u00bb4.24.2&#8243; _module_preset=\u00bbdefault\u00bb global_colors_info=\u00bb{}\u00bb theme_builder_area=\u00bbpost_content\u00bb][et_pb_text _builder_version=\u00bb4.24.2&#8243; _module_preset=\u00bbdefault\u00bb global_colors_info=\u00bb{}\u00bb theme_builder_area=\u00bbpost_content\u00bb]Ser internacionalmente reconocida por su insuperable calidad, eficiencia y atenci\u00f3n de su personal en los servicios brindados, en b\u00fasqueda continua de mejora, creaci\u00f3n y fomento de nuevos nichos de mercado.[\/et_pb_text][\/et_pb_column][et_pb_column type=\u00bb1_3&#8243; _builder_version=\u00bb4.24.2&#8243; _module_preset=\u00bbdefault\u00bb global_colors_info=\u00bb{}\u00bb theme_builder_area=\u00bbpost_content\u00bb][\/et_pb_column][\/et_pb_row][et_pb_row _builder_version=\u00bb4.24.2&#8243; _module_preset=\u00bbdefault\u00bb global_colors_info=\u00bb{}\u00bb locked=\u00bboff\u00bb theme_builder_area=\u00bbpost_content\u00bb][et_pb_column type=\u00bb4_4&#8243; _builder_version=\u00bb4.24.2&#8243; _module_preset=\u00bbdefault\u00bb global_colors_info=\u00bb{}\u00bb theme_builder_area=\u00bbpost_content\u00bb][et_pb_heading title=\u00bb Quienes Somos\u00bb _builder_version=\u00bb4.24.2&#8243; _module_preset=\u00bbdefault\u00bb title_level=\u00bbh3&#8243; title_font=\u00bb|600|||||||\u00bb title_text_color=\u00bb#7ebec5&#8243; title_font_size=\u00bb40px\u00bb title_font_size_tablet=\u00bb40px\u00bb title_font_size_phone=\u00bb10vw\u00bb title_font_size_last_edited=\u00bbon|desktop\u00bb title_text_shadow_style=\u00bbpreset1&#8243; title_text_shadow_blur_strength=\u00bb0.15em\u00bb title_text_shadow_color=\u00bbrgba(0,0,0,0.26)\u00bb border_width_bottom=\u00bb7px\u00bb border_color_bottom=\u00bbrgba(0,94,83,0.1)\u00bb border_style_bottom=\u00bbdouble\u00bb global_colors_info=\u00bb{}\u00bb theme_builder_area=\u00bbpost_content\u00bb][\/et_pb_heading][\/et_pb_column][\/et_pb_row][et_pb_row column_structure=\u00bb2_3,1_3&#8243; _builder_version=\u00bb4.24.2&#8243; _module_preset=\u00bbdefault\u00bb global_colors_info=\u00bb{}\u00bb locked=\u00bboff\u00bb theme_builder_area=\u00bbpost_content\u00bb][et_pb_column type=\u00bb2_3&#8243; _builder_version=\u00bb4.24.2&#8243; _module_preset=\u00bbdefault\u00bb global_colors_info=\u00bb{}\u00bb theme_builder_area=\u00bbpost_content\u00bb][et_pb_text _builder_version=\u00bb4.24.2&#8243; _module_preset=\u00bbdefault\u00bb global_colors_info=\u00bb{}\u00bb theme_builder_area=\u00bbpost_content\u00bb]Fundada en 1964 por el Ing. \u00c1lvaro Garza Pe\u00f1a, nace Ingenier\u00eda T\u00e9rmica, S.A., empresa dedicada al dise\u00f1o y construcci\u00f3n de redes de distribuci\u00f3n de gases y l\u00edquidos especiales y combustibles l\u00edquidos y gaseosos, industriales, comerciales, dom\u00e9sticos y plantas de almacenamiento. En 1984 cambia su raz\u00f3n social a Instalaciones Termomec\u00e1nicas, S.A.  de C.V.  ubicada entre los principales protagonistas del mercado, y representante de Pyronics, compa\u00f1\u00eda dedicada a la fabricaci\u00f3n de equipo de combusti\u00f3n para l\u00edquidos y gaseosos.<\/p>\n<p>Actualmente con el nombre de INMOBILGE, S.A. de C.V.\u00ae y presencia en D.F. y \u00c1rea Metropolitana, Toluca, Puebla y Baj\u00edo; nuestra compa\u00f1\u00eda con m\u00e1s de 46 a\u00f1os de experiencia sigue comprometida con la mejora del ambiente, la satisfacci\u00f3n y el ahorro de nuestros clientes mediante el desarrollo de proyectos parciales o inteligentes.<\/p>\n<p>Con nosotros usted encontrara una amplia gama de productos de alta calidad y servicios especializados relacionados con combustibles l\u00edquidos y gaseosos, un equipo altamente calificado para brindarle el servicio mas completo, desde el an\u00e1lisis y dise\u00f1o hasta el arranque y mantenimiento de las l\u00edneas de abastecimiento de su empresa y de nuestros productos.<\/p>\n<p>Nuestra s\u00f3lida reputaci\u00f3n se ha construido, a trav\u00e9s de la exitosa integraci\u00f3n de productos de calidad y un excelente servicio al cliente. La experiencia, la innovaci\u00f3n y la confiabilidad, son algunas de las razones por las que INMOBILGE, S.A. de C.V.\u00ae es reconocida como empresa l\u00edder en el ramo.[\/et_pb_text][\/et_pb_column][et_pb_column type=\u00bb1_3&#8243; _builder_version=\u00bb4.24.2&#8243; _module_preset=\u00bbdefault\u00bb global_colors_info=\u00bb{}\u00bb theme_builder_area=\u00bbpost_content\u00bb][\/et_pb_column][\/et_pb_row][\/et_pb_section]<\/p>\n","protected":false},"excerpt":{"rendered":"<p>La energ\u00eda es el elemento fundamental para el desarrollo y el progreso de la civilizaci\u00f3n, y la reducci\u00f3n de costos es el elemento b\u00e1sico en la optimizaci\u00f3n de los procesos en la industria. En INMOBILGE, S.A. DE C.V.\u00ae estamos comprometidos en la conservaci\u00f3n ambiental y contribuimos a minimizar sus costos mediante la generaci\u00f3n, transporte y [&hellip;]<\/p>\n","protected":false},"author":1,"featured_media":0,"parent":0,"menu_order":0,"comment_status":"closed","ping_status":"closed","template":"","meta":{"_et_pb_use_builder":"on","_et_pb_old_content":"<!-- wp:divi\/placeholder \/-->","_et_gb_content_width":"","footnotes":""},"class_list":["post-74","page","type-page","status-publish","hentry"],"_links":{"self":[{"href":"https:\/\/inmobilge.com.mx\/index.php\/wp-json\/wp\/v2\/pages\/74","targetHints":{"allow":["GET"]}}],"collection":[{"href":"https:\/\/inmobilge.com.mx\/index.php\/wp-json\/wp\/v2\/pages"}],"about":[{"href":"https:\/\/inmobilge.com.mx\/index.php\/wp-json\/wp\/v2\/types\/page"}],"author":[{"embeddable":true,"href":"https:\/\/inmobilge.com.mx\/index.php\/wp-json\/wp\/v2\/users\/1"}],"replies":[{"embeddable":true,"href":"https:\/\/inmobilge.com.mx\/index.php\/wp-json\/wp\/v2\/comments?post=74"}],"version-history":[{"count":3,"href":"https:\/\/inmobilge.com.mx\/index.php\/wp-json\/wp\/v2\/pages\/74\/revisions"}],"predecessor-version":[{"id":85,"href":"https:\/\/inmobilge.com.mx\/index.php\/wp-json\/wp\/v2\/pages\/74\/revisions\/85"}],"wp:attachment":[{"href":"https:\/\/inmobilge.com.mx\/index.php\/wp-json\/wp\/v2\/media?parent=74"}],"curies":[{"name":"wp","href":"https:\/\/api.w.org\/{rel}","templated":true}]}}